{"id":826,"date":"2020-01-20T13:57:31","date_gmt":"2020-01-20T16:57:31","guid":{"rendered":"http:\/\/yelmos.com.ar\/dg\/?page_id=826"},"modified":"2024-07-30T23:57:20","modified_gmt":"2024-07-31T02:57:20","slug":"emprendedores","status":"publish","type":"page","link":"http:\/\/yelmos.com.ar\/design\/emprendedores\/","title":{"rendered":"Emprendedores"},"content":{"rendered":"\t\t<div data-elementor-type=\"wp-page\" data-elementor-id=\"826\" class=\"elementor elementor-826\">\n\t\t\t\t\t\t<section class=\"elementor-section elementor-top-section elementor-element elementor-element-383597c elementor-section-boxed elementor-section-height-default elementor-section-height-default\" data-id=\"383597c\" data-element_type=\"section\" data-e-type=\"section\">\n\t\t\t\t\t\t<div class=\"elementor-container elementor-column-gap-default\">\n\t\t\t\t\t<div class=\"elementor-column elementor-col-100 elementor-top-column elementor-element elementor-element-b508279\" data-id=\"b508279\" data-element_type=\"column\" data-e-type=\"column\">\n\t\t\t<div class=\"elementor-widget-wrap elementor-element-populated\">\n\t\t\t\t\t\t<div class=\"elementor-element elementor-element-0342783 elementor-widget elementor-widget-image-carousel\" data-id=\"0342783\" data-element_type=\"widget\" data-e-type=\"widget\" data-settings=\"{&quot;slides_to_show&quot;:&quot;2&quot;,&quot;slides_to_show_tablet&quot;:&quot;2&quot;,&quot;slides_to_show_mobile&quot;:&quot;1&quot;,&quot;slides_to_scroll&quot;:&quot;1&quot;,&quot;navigation&quot;:&quot;none&quot;,&quot;autoplay&quot;:&quot;yes&quot;,&quot;pause_on_hover&quot;:&quot;yes&quot;,&quot;pause_on_interaction&quot;:&quot;yes&quot;,&quot;autoplay_speed&quot;:5000,&quot;infinite&quot;:&quot;yes&quot;,&quot;speed&quot;:500}\" data-widget_type=\"image-carousel.default\">\n\t\t\t\t<div class=\"elementor-widget-container\">\n\t\t\t\t\t\t\t<div class=\"elementor-image-carousel-wrapper swiper\" role=\"region\" aria-roledescription=\"carousel\" aria-label=\"Carrusel de im\u00e1genes\" dir=\"ltr\">\n\t\t\t<div class=\"elementor-image-carousel swiper-wrapper\" aria-live=\"off\">\n\t\t\t\t\t\t\t\t<div class=\"swiper-slide\" role=\"group\" aria-roledescription=\"slide\" aria-label=\"1 de 18\"><figure class=\"swiper-slide-inner\"><img decoding=\"async\" class=\"swiper-slide-image\" src=\"https:\/\/i0.wp.com\/yelmos.com.ar\/design\/wp-content\/uploads\/2024\/07\/CCINMEMA_ID2%402x.png?fit=1440%2C1440\" alt=\"ccinema asociaci\u00f3n cineastas mar del plata\" \/><\/figure><\/div><div class=\"swiper-slide\" role=\"group\" aria-roledescription=\"slide\" aria-label=\"2 de 18\"><figure class=\"swiper-slide-inner\"><img decoding=\"async\" class=\"swiper-slide-image\" src=\"https:\/\/i0.wp.com\/yelmos.com.ar\/design\/wp-content\/uploads\/2018\/01\/alamos_03.jpg?fit=1280%2C1280\" alt=\"Alamos Apart villa gesell\" \/><\/figure><\/div><div class=\"swiper-slide\" role=\"group\" aria-roledescription=\"slide\" aria-label=\"3 de 18\"><figure class=\"swiper-slide-inner\"><img decoding=\"async\" class=\"swiper-slide-image\" src=\"https:\/\/i0.wp.com\/yelmos.com.ar\/design\/wp-content\/uploads\/2016\/07\/AP_consultora01.jpg?fit=1280%2C1280\" alt=\"Logo Alto potencial consultora\" \/><\/figure><\/div><div class=\"swiper-slide\" role=\"group\" aria-roledescription=\"slide\" aria-label=\"4 de 18\"><figure class=\"swiper-slide-inner\"><img decoding=\"async\" class=\"swiper-slide-image\" src=\"https:\/\/i0.wp.com\/yelmos.com.ar\/design\/wp-content\/uploads\/2022\/01\/c1%402x-e1642796910643.png?fit=1414%2C838\" alt=\"churros dise\u00f1o de marca dise\u00f1o de identidad\" \/><\/figure><\/div><div class=\"swiper-slide\" role=\"group\" aria-roledescription=\"slide\" aria-label=\"5 de 18\"><figure class=\"swiper-slide-inner\"><img decoding=\"async\" class=\"swiper-slide-image\" src=\"https:\/\/i0.wp.com\/yelmos.com.ar\/design\/wp-content\/uploads\/2021\/11\/m7%404x-e1637818287307.png?fit=2560%2C2980\" alt=\"marca fancraft\" \/><\/figure><\/div><div class=\"swiper-slide\" role=\"group\" aria-roledescription=\"slide\" aria-label=\"6 de 18\"><figure class=\"swiper-slide-inner\"><img decoding=\"async\" class=\"swiper-slide-image\" src=\"https:\/\/i0.wp.com\/yelmos.com.ar\/design\/wp-content\/uploads\/2021\/06\/milleniam_productora.jpg?fit=1080%2C647\" alt=\"Milleniam productora\" \/><\/figure><\/div><div class=\"swiper-slide\" role=\"group\" aria-roledescription=\"slide\" aria-label=\"7 de 18\"><figure class=\"swiper-slide-inner\"><img decoding=\"async\" class=\"swiper-slide-image\" src=\"https:\/\/i0.wp.com\/yelmos.com.ar\/design\/wp-content\/uploads\/2013\/07\/id_arbolmagico.png?fit=610%2C335\" alt=\"arbol magico jugueteria regalos ni\u00f1os dise\u00f1ador grafico mar del plata dise\u00f1o de marca dise\u00f1o pagina web\" \/><\/figure><\/div><div class=\"swiper-slide\" role=\"group\" aria-roledescription=\"slide\" aria-label=\"8 de 18\"><figure class=\"swiper-slide-inner\"><img decoding=\"async\" class=\"swiper-slide-image\" src=\"https:\/\/i0.wp.com\/yelmos.com.ar\/design\/wp-content\/uploads\/2008\/07\/surftrerino_logo%402x.png?fit=2004%2C1336\" alt=\"surftreino santa teresita\" \/><\/figure><\/div><div class=\"swiper-slide\" role=\"group\" aria-roledescription=\"slide\" aria-label=\"9 de 18\"><figure class=\"swiper-slide-inner\"><img decoding=\"async\" class=\"swiper-slide-image\" src=\"https:\/\/i0.wp.com\/yelmos.com.ar\/design\/wp-content\/uploads\/2019\/12\/lente_mov.gif?fit=1080%2C1080\" alt=\"marca filmaker\" \/><\/figure><\/div><div class=\"swiper-slide\" role=\"group\" aria-roledescription=\"slide\" aria-label=\"10 de 18\"><figure class=\"swiper-slide-inner\"><img decoding=\"async\" class=\"swiper-slide-image\" src=\"https:\/\/i0.wp.com\/yelmos.com.ar\/design\/wp-content\/uploads\/2015\/10\/leslong1%402x.png?fit=2382%2C1684\" alt=\"les longs courriers logo\" \/><\/figure><\/div><div class=\"swiper-slide\" role=\"group\" aria-roledescription=\"slide\" aria-label=\"11 de 18\"><figure class=\"swiper-slide-inner\"><img decoding=\"async\" class=\"swiper-slide-image\" src=\"https:\/\/i0.wp.com\/yelmos.com.ar\/design\/wp-content\/uploads\/2022\/01\/COLOR_JAB1b.jpg?fit=1280%2C1280\" alt=\"jorgelina alcantara braidot arquitecta\" \/><\/figure><\/div><div class=\"swiper-slide\" role=\"group\" aria-roledescription=\"slide\" aria-label=\"12 de 18\"><figure class=\"swiper-slide-inner\"><img decoding=\"async\" class=\"swiper-slide-image\" src=\"https:\/\/i0.wp.com\/yelmos.com.ar\/design\/wp-content\/uploads\/2015\/07\/bfs_03a-e1637435181930.jpg?fit=851%2C544\" alt=\"bf sublimacion argentina\" \/><\/figure><\/div><div class=\"swiper-slide\" role=\"group\" aria-roledescription=\"slide\" aria-label=\"13 de 18\"><figure class=\"swiper-slide-inner\"><img decoding=\"async\" class=\"swiper-slide-image\" src=\"https:\/\/i0.wp.com\/yelmos.com.ar\/design\/wp-content\/uploads\/2010\/07\/4mdq_c.jpg?fit=1280%2C1280\" alt=\"4mdq store marca\" \/><\/figure><\/div><div class=\"swiper-slide\" role=\"group\" aria-roledescription=\"slide\" aria-label=\"14 de 18\"><figure class=\"swiper-slide-inner\"><img decoding=\"async\" class=\"swiper-slide-image\" src=\"https:\/\/i0.wp.com\/yelmos.com.ar\/design\/wp-content\/uploads\/2017\/09\/iso_Sum_magenta-e1642814043280.jpg?fit=355%2C350\" alt=\"Sum club\" \/><\/figure><\/div><div class=\"swiper-slide\" role=\"group\" aria-roledescription=\"slide\" aria-label=\"15 de 18\"><figure class=\"swiper-slide-inner\"><img decoding=\"async\" class=\"swiper-slide-image\" src=\"https:\/\/i0.wp.com\/yelmos.com.ar\/design\/wp-content\/uploads\/2021\/06\/area_sana03.jpg?fit=1280%2C1280\" alt=\"Area Sana\" \/><\/figure><\/div><div class=\"swiper-slide\" role=\"group\" aria-roledescription=\"slide\" aria-label=\"16 de 18\"><figure class=\"swiper-slide-inner\"><img decoding=\"async\" class=\"swiper-slide-image\" src=\"https:\/\/i0.wp.com\/yelmos.com.ar\/design\/wp-content\/uploads\/2018\/05\/RC_id_m01.jpg?fit=1280%2C720\" alt=\"Rosell cinalli estudio juridico\" \/><\/figure><\/div><div class=\"swiper-slide\" role=\"group\" aria-roledescription=\"slide\" aria-label=\"17 de 18\"><figure class=\"swiper-slide-inner\"><img decoding=\"async\" class=\"swiper-slide-image\" src=\"https:\/\/i0.wp.com\/yelmos.com.ar\/design\/wp-content\/uploads\/2021\/02\/Trainer_logo%402x-e1637728138825.png?fit=1440%2C1446\" alt=\"Javier Vazquez trainer\" \/><\/figure><\/div><div class=\"swiper-slide\" role=\"group\" aria-roledescription=\"slide\" aria-label=\"18 de 18\"><figure class=\"swiper-slide-inner\"><img decoding=\"async\" class=\"swiper-slide-image\" src=\"https:\/\/i0.wp.com\/yelmos.com.ar\/design\/wp-content\/uploads\/2019\/08\/CH01.jpg?fit=1280%2C720\" alt=\"Cuentas hoy\" \/><\/figure><\/div>\t\t\t<\/div>\n\t\t\t\t\t\t\t\n\t\t\t\t\t\t\t\t\t<\/div>\n\t\t\t\t\t\t<\/div>\n\t\t\t\t<\/div>\n\t\t\t\t\t<\/div>\n\t\t<\/div>\n\t\t\t\t\t<\/div>\n\t\t<\/section>\n\t\t\t\t<section class=\"elementor-section elementor-top-section elementor-element elementor-element-acad878 elementor-section-boxed elementor-section-height-default elementor-section-height-default\" data-id=\"acad878\" data-element_type=\"section\" data-e-type=\"section\">\n\t\t\t\t\t\t<div class=\"elementor-container elementor-column-gap-default\">\n\t\t\t\t\t<div class=\"elementor-column elementor-col-100 elementor-top-column elementor-element elementor-element-a893f7a\" data-id=\"a893f7a\" data-element_type=\"column\" data-e-type=\"column\">\n\t\t\t<div class=\"elementor-widget-wrap elementor-element-populated\">\n\t\t\t\t\t\t<section class=\"elementor-section elementor-inner-section elementor-element elementor-element-fbe0a9e elementor-section-boxed elementor-section-height-default elementor-section-height-default\" data-id=\"fbe0a9e\" data-element_type=\"section\" data-e-type=\"section\">\n\t\t\t\t\t\t<div class=\"elementor-container elementor-column-gap-default\">\n\t\t\t\t\t<div class=\"elementor-column elementor-col-50 elementor-inner-column elementor-element elementor-element-6c96186\" data-id=\"6c96186\" data-element_type=\"column\" data-e-type=\"column\">\n\t\t\t<div class=\"elementor-widget-wrap elementor-element-populated\">\n\t\t\t\t\t\t<div class=\"elementor-element elementor-element-e10d056 elementor-widget elementor-widget-text-editor\" data-id=\"e10d056\" data-element_type=\"widget\" data-e-type=\"widget\" data-widget_type=\"text-editor.default\">\n\t\t\t\t<div class=\"elementor-widget-container\">\n\t\t\t\t\t\t\t\t\t<p><a href=\"http:\/\/alamosgesell.com.ar\/apart\/\" target=\"_blank\" rel=\"noopener\">\u00c1lamos<\/a> <span style=\"color: #999999;\">apartamentos<\/span><\/p><p><a href=\"http:\/\/almara.com.ar\/web\/\" target=\"_blank\" rel=\"noopener\">Almar\u00e1<\/a> <span style=\"color: #999999;\">cirujano<\/span><\/p><p>AP <span style=\"color: #999999;\">consultora<\/span><\/p><p>\u00c1mpara <span style=\"color: #999999;\">mutual<\/span><\/p><p>\u00c1rea sana <span style=\"color: #999999;\">eficiencia energ\u00e9tica<\/span><\/p><p>\u00c1rbol M\u00e1gico <span style=\"color: #999999;\">jugueter\u00edas<\/span><\/p><p>Attwell <span style=\"color: #999999;\">dise\u00f1o &amp; construcci\u00f3n<\/span><\/p><p>Baco <span style=\"color: #999999;\">artes marciales<\/span><\/p><p><a href=\"http:\/\/ccinema.com.ar\">Ccinema<\/a> <span style=\"color: #999999;\">asociaci\u00f3n cineastas<\/span><\/p><p>Churros del almac\u00e9n <span style=\"color: #999999;\">f\u00e1brica<\/span><\/p><p><a href=\"https:\/\/canal79tv.com.ar\/\" target=\"_blank\" rel=\"noopener\">Canal 79<\/a> <span style=\"color: #999999;\">canal de tv<\/span><\/p><p>Cuentas Hoy <span style=\"color: #999999;\">plataforma de cobranza<\/span><\/p><p>DPI <span style=\"color: #999999;\">ingenier\u00eda<\/span><\/p><p>Deco cuadro <span style=\"color: #999999;\">decoraci\u00f3n<\/span><\/p><p>Din\u00e1mica visual <span style=\"color: #999999;\">Oftalm\u00f3loga<\/span><\/p><p>Enclimax <span style=\"color: #999999;\">servicio t\u00e9cnico<\/span><\/p><p>Entramar <span style=\"color: #999999;\">conglomerado textil<\/span><\/p><p>Eva mujer <span style=\"color: #999999;\">indumentaria<\/span><\/p><p>F&amp;F chip\u00e1 <span style=\"color: #999999;\">f\u00e1brica de chip\u00e1<\/span><\/p><p>Fernanda Diaz <span style=\"color: #999999;\">producciones art\u00edsticas<\/span><\/p><p><a href=\"https:\/\/fancraft.com.ar\/\" target=\"_blank\" rel=\"noopener\">Fan Craft mdq<\/a> <span style=\"color: #999999;\">productos 3D<\/span><\/p><p><a href=\"https:\/\/funcionalmente.com.ar\/\" target=\"_blank\" rel=\"noopener\">Funcionalmente<\/a> <span style=\"color: #999999;\">entrenamiento funcional<\/span><\/p><p>Giano \/ Gianelli <span style=\"color: #999999;\">helader\u00edas<\/span><\/p><p>JAB <span style=\"color: #999999;\">arquitectura<\/span><\/p><p>Julian Strada <span style=\"color: #999999;\">films<\/span><\/p><p><a href=\"http:\/\/leslongscourriers.fr\/fr\/\" target=\"_blank\" rel=\"noopener\">Les Longs Courriers<\/a> <span style=\"color: #999999;\">viaje en velero<\/span><\/p><p><a href=\"https:\/\/leportgolfcountry.com.ar\/\" target=\"_blank\" rel=\"noopener\">Le Port Golf Country<\/a> <span style=\"color: #999999;\">indumentaria<\/span><\/p><p>Lista Azul y Blanca <span style=\"color: #999999;\">gremio de arquitectos<\/span><\/p>\t\t\t\t\t\t\t\t<\/div>\n\t\t\t\t<\/div>\n\t\t\t\t\t<\/div>\n\t\t<\/div>\n\t\t\t\t<div class=\"elementor-column elementor-col-50 elementor-inner-column elementor-element elementor-element-18aa629\" data-id=\"18aa629\" data-element_type=\"column\" data-e-type=\"column\">\n\t\t\t<div class=\"elementor-widget-wrap elementor-element-populated\">\n\t\t\t\t\t\t<div class=\"elementor-element elementor-element-2d97750 elementor-widget elementor-widget-text-editor\" data-id=\"2d97750\" data-element_type=\"widget\" data-e-type=\"widget\" data-widget_type=\"text-editor.default\">\n\t\t\t\t<div class=\"elementor-widget-container\">\n\t\t\t\t\t\t\t\t\t<p>Leandro Suarez + <span style=\"color: #999999;\">arquitectura<\/span><\/p><p>Locxs por el p\u00e1del <span style=\"color: #999999;\">complejo<\/span><\/p><p>Logulo &amp; Logulo <span style=\"color: #999999;\">abogados<\/span><\/p><p>La Capital mdp <span style=\"color: #999999;\">diario<\/span><\/p><p>Las pamplinas <span style=\"color: #999999;\">cer\u00e1mica<\/span><\/p><p>La ternura <span style=\"color: #999999;\">fideos artesanales<\/span><\/p><p>Morales <span style=\"color: #999999;\">carpinter\u00eda<\/span><\/p><p><a href=\"http:\/\/milleniam.com.ar\/productora\/\" target=\"_blank\" rel=\"noopener\">Milleniam<\/a> <span style=\"color: #999999;\">productora<\/span><\/p><p><a href=\"http:\/\/mdq.com\/\" target=\"_blank\" rel=\"noopener\">MDQ<\/a> <span style=\"color: #999999;\">productora tv<\/span><\/p><p>MDQmag <span style=\"color: #999999;\">revista de bolsillo<\/span><\/p><p>MarPhone <span style=\"color: #999999;\">venta de celulares<\/span><\/p><p><a href=\"http:\/\/natinsonynatinson.com.ar\/\" target=\"_blank\" rel=\"noopener\">Natinson &amp; Natinson<\/a> <span style=\"color: #999999;\">agentes de propiedad intelectual<\/span><\/p><p><a href=\"http:\/\/nexoherramientas.com.ar\/catalogos\/\" target=\"_blank\" rel=\"noopener\">Nexo<\/a> <span style=\"color: #999999;\">herramientas<\/span><\/p><p><a href=\"https:\/\/outback.empretienda.com.ar\/\" target=\"_blank\" rel=\"noopener\">Outback<\/a> <span style=\"color: #999999;\">ropa t\u00e9cnica<\/span><\/p><p><a href=\"http:\/\/proclin.com.ar\/\" target=\"_blank\" rel=\"noopener\">Proclin<\/a> <span style=\"color: #999999;\">servicio de limpieza<\/span><\/p><p>Pido gancho <span style=\"color: #999999;\">revista infantil<\/span><\/p><p>Rosell Cinalli <span style=\"color: #999999;\">estudio de abogados<\/span><\/p><p>Ripped <span style=\"color: #999999;\">gimnasio<\/span><\/p><p><a href=\"https:\/\/clubdecamposantarosa.com.ar\/\" target=\"_blank\" rel=\"noopener\">Santa Rosa<\/a> <span style=\"color: #999999;\">club de campo<\/span><\/p><p>Scazzetta <span style=\"color: #999999;\">eventos sociales<\/span><\/p><p>Sol de noche <span style=\"color: #999999;\">evento<\/span><\/p><p>Sullivan &amp; Asociados <span style=\"color: #999999;\">estudio<\/span><\/p><p>Sum <span style=\"color: #999999;\">club femenino<\/span><\/p><p>Surftreino <span style=\"color: #999999;\">escuela de surf<\/span><\/p><p>Twillstop <span style=\"color: #999999;\">ropa de trabajo<\/span><\/p><p>Veterini <span style=\"color: #999999;\">productos capilares<\/span><\/p><p>Victoria <span style=\"color: #999999;\">pasteler\u00eda saludable<\/span><\/p><p>Vip Trainer <span style=\"color: #999999;\">entrenador personal<\/span><\/p>\t\t\t\t\t\t\t\t<\/div>\n\t\t\t\t<\/div>\n\t\t\t\t\t<\/div>\n\t\t<\/div>\n\t\t\t\t\t<\/div>\n\t\t<\/section>\n\t\t\t\t\t<\/div>\n\t\t<\/div>\n\t\t\t\t\t<\/div>\n\t\t<\/section>\n\t\t\t\t<\/div>\n\t\t","protected":false},"excerpt":{"rendered":"<p>\u00c1lamos apartamentos Almar\u00e1 cirujano AP consultora \u00c1mpara mutual \u00c1rea sana eficiencia energ\u00e9tica \u00c1rbol M\u00e1gico jugueter\u00edas Attwell dise\u00f1o &amp; construcci\u00f3n Baco artes marciales Ccinema asociaci\u00f3n cineastas Churros del almac\u00e9n f\u00e1brica Canal 79 canal de tv Cuentas Hoy plataforma de cobranza DPI ingenier\u00eda Deco cuadro decoraci\u00f3n Din\u00e1mica visual Oftalm\u00f3loga Enclimax servicio t\u00e9cnico Entramar conglomerado textil Eva mujer [&hellip;]<\/p>\n","protected":false},"author":4,"featured_media":0,"parent":0,"menu_order":0,"comment_status":"closed","ping_status":"closed","template":"","meta":{"footnotes":""},"class_list":["post-826","page","type-page","status-publish","hentry"],"aioseo_notices":[],"jetpack-related-posts":[],"jetpack_sharing_enabled":true,"_links":{"self":[{"href":"http:\/\/yelmos.com.ar\/design\/wp-json\/wp\/v2\/pages\/826","targetHints":{"allow":["GET"]}}],"collection":[{"href":"http:\/\/yelmos.com.ar\/design\/wp-json\/wp\/v2\/pages"}],"about":[{"href":"http:\/\/yelmos.com.ar\/design\/wp-json\/wp\/v2\/types\/page"}],"author":[{"embeddable":true,"href":"http:\/\/yelmos.com.ar\/design\/wp-json\/wp\/v2\/users\/4"}],"replies":[{"embeddable":true,"href":"http:\/\/yelmos.com.ar\/design\/wp-json\/wp\/v2\/comments?post=826"}],"version-history":[{"count":91,"href":"http:\/\/yelmos.com.ar\/design\/wp-json\/wp\/v2\/pages\/826\/revisions"}],"predecessor-version":[{"id":1932,"href":"http:\/\/yelmos.com.ar\/design\/wp-json\/wp\/v2\/pages\/826\/revisions\/1932"}],"wp:attachment":[{"href":"http:\/\/yelmos.com.ar\/design\/wp-json\/wp\/v2\/media?parent=826"}],"curies":[{"name":"wp","href":"https:\/\/api.w.org\/{rel}","templated":true}]}}