{"id":111,"date":"2016-08-02T23:31:51","date_gmt":"2016-08-03T02:31:51","guid":{"rendered":"http:\/\/yelmos.com.ar\/dg\/?page_id=111"},"modified":"2025-02-26T00:02:37","modified_gmt":"2025-02-26T03:02:37","slug":"contacto","status":"publish","type":"page","link":"http:\/\/yelmos.com.ar\/design\/contacto\/","title":{"rendered":"Contacto"},"content":{"rendered":"\t\t<div data-elementor-type=\"wp-page\" data-elementor-id=\"111\" class=\"elementor elementor-111\">\n\t\t\t\t\t\t<section class=\"elementor-section elementor-top-section elementor-element elementor-element-7b8d80b1 elementor-section-boxed elementor-section-height-default elementor-section-height-default\" data-id=\"7b8d80b1\" data-element_type=\"section\" data-e-type=\"section\">\n\t\t\t\t\t\t<div class=\"elementor-container elementor-column-gap-default\">\n\t\t\t\t\t<div class=\"elementor-column elementor-col-100 elementor-top-column elementor-element elementor-element-326ae17b\" data-id=\"326ae17b\" data-element_type=\"column\" data-e-type=\"column\">\n\t\t\t<div class=\"elementor-widget-wrap elementor-element-populated\">\n\t\t\t\t\t\t\t<\/div>\n\t\t<\/div>\n\t\t\t\t\t<\/div>\n\t\t<\/section>\n\t\t\t\t<section class=\"elementor-section elementor-top-section elementor-element elementor-element-c3fbde7 elementor-section-boxed elementor-section-height-default elementor-section-height-default\" data-id=\"c3fbde7\" data-element_type=\"section\" data-e-type=\"section\">\n\t\t\t\t\t\t<div class=\"elementor-container elementor-column-gap-default\">\n\t\t\t\t\t<div class=\"elementor-column elementor-col-100 elementor-top-column elementor-element elementor-element-d6fcf98\" data-id=\"d6fcf98\" data-element_type=\"column\" data-e-type=\"column\">\n\t\t\t<div class=\"elementor-widget-wrap elementor-element-populated\">\n\t\t\t\t\t\t<div class=\"elementor-element elementor-element-ad7bea4 elementor-widget elementor-widget-text-editor\" data-id=\"ad7bea4\" data-element_type=\"widget\" data-e-type=\"widget\" data-widget_type=\"text-editor.default\">\n\t\t\t\t<div class=\"elementor-widget-container\">\n\t\t\t\t\t\t\t\t\t<p><strong>Yelmos<\/strong> es un estudio interdisciplinario de <strong>dise\u00f1o para emprendedores<\/strong>.<\/p><p>Trabajamos desde <strong><span style=\"color: #1881c7;\">Atl\u00e1ntida y Mar del Plata<\/span><\/strong>, generando la comunicaci\u00f3n necesaria para emprendimientos, empresas e instituciones.<\/p><p>Asesoramos en todo el <strong>campo de dise\u00f1o gr\u00e1fico, web y multimedia<\/strong>.<\/p><p>Pod\u00e9s escribirnos a\u00a0<a href=\"mailto:pro@yelmos.com.ar\">pro@yelmos.com.ar<\/a>, para un encuentro presencial o virtual.<\/p>\t\t\t\t\t\t\t\t<\/div>\n\t\t\t\t<\/div>\n\t\t\t\t\t<\/div>\n\t\t<\/div>\n\t\t\t\t\t<\/div>\n\t\t<\/section>\n\t\t\t\t<section class=\"elementor-section elementor-top-section elementor-element elementor-element-7fd4a0b elementor-section-boxed elementor-section-height-default elementor-section-height-default\" data-id=\"7fd4a0b\" data-element_type=\"section\" data-e-type=\"section\">\n\t\t\t\t\t\t<div class=\"elementor-container elementor-column-gap-default\">\n\t\t\t\t\t<div class=\"elementor-column elementor-col-100 elementor-top-column elementor-element elementor-element-42352df\" data-id=\"42352df\" data-element_type=\"column\" data-e-type=\"column\">\n\t\t\t<div class=\"elementor-widget-wrap elementor-element-populated\">\n\t\t\t\t\t\t<div class=\"elementor-element elementor-element-5989f77 elementor-widget elementor-widget-html\" data-id=\"5989f77\" data-element_type=\"widget\" data-e-type=\"widget\" data-widget_type=\"html.default\">\n\t\t\t\t<div class=\"elementor-widget-container\">\n\t\t\t\t\t<iframe src=\"https:\/\/www.google.com\/maps\/embed?pb=!1m14!1m8!1m3!1d12573.313626158326!2d-57.5320544!3d-38.0161227!3m2!1i1024!2i768!4f13.1!3m3!1m2!1s0x0%3A0x988cc78f7e7ebf41!2sYelmos%20dise%C3%B1o!5e0!3m2!1ses-419!2sar!4v1622944595957!5m2!1ses-419!2sar\" width=\"600\" height=\"450\" style=\"border:0;\" allowfullscreen=\"\" loading=\"lazy\"><\/iframe>\t\t\t\t<\/div>\n\t\t\t\t<\/div>\n\t\t\t\t\t<\/div>\n\t\t<\/div>\n\t\t\t\t\t<\/div>\n\t\t<\/section>\n\t\t\t\t<section class=\"elementor-section elementor-top-section elementor-element elementor-element-fcad073 elementor-section-boxed elementor-section-height-default elementor-section-height-default\" data-id=\"fcad073\" data-element_type=\"section\" data-e-type=\"section\">\n\t\t\t\t\t\t<div class=\"elementor-container elementor-column-gap-default\">\n\t\t\t\t\t<div class=\"elementor-column elementor-col-100 elementor-top-column elementor-element elementor-element-2cd968d\" data-id=\"2cd968d\" data-element_type=\"column\" data-e-type=\"column\">\n\t\t\t<div class=\"elementor-widget-wrap elementor-element-populated\">\n\t\t\t\t\t\t<div class=\"elementor-element elementor-element-b5f6aa9 elementor-widget elementor-widget-video\" data-id=\"b5f6aa9\" data-element_type=\"widget\" data-e-type=\"widget\" data-settings=\"{&quot;youtube_url&quot;:&quot;https:\\\/\\\/www.youtube.com\\\/watch?v=9VEyOKgABL4&quot;,&quot;video_type&quot;:&quot;youtube&quot;,&quot;controls&quot;:&quot;yes&quot;}\" data-widget_type=\"video.default\">\n\t\t\t\t<div class=\"elementor-widget-container\">\n\t\t\t\t\t\t\t<div class=\"elementor-wrapper elementor-open-inline\">\n\t\t\t<div class=\"elementor-video\"><\/div>\t\t<\/div>\n\t\t\t\t\t\t<\/div>\n\t\t\t\t<\/div>\n\t\t\t\t\t<\/div>\n\t\t<\/div>\n\t\t\t\t\t<\/div>\n\t\t<\/section>\n\t\t\t\t<\/div>\n\t\t","protected":false},"excerpt":{"rendered":"<p>Yelmos es un estudio interdisciplinario de dise\u00f1o para emprendedores. Trabajamos desde Atl\u00e1ntida y Mar del Plata, generando la comunicaci\u00f3n necesaria para emprendimientos, empresas e instituciones. Asesoramos en todo el campo de dise\u00f1o gr\u00e1fico, web y multimedia. Pod\u00e9s escribirnos a\u00a0pro@yelmos.com.ar, para un encuentro presencial o virtual.<\/p>\n","protected":false},"author":4,"featured_media":0,"parent":0,"menu_order":3,"comment_status":"closed","ping_status":"closed","template":"","meta":{"footnotes":""},"class_list":["post-111","page","type-page","status-publish","hentry"],"aioseo_notices":[],"jetpack-related-posts":[],"jetpack_sharing_enabled":true,"_links":{"self":[{"href":"http:\/\/yelmos.com.ar\/design\/wp-json\/wp\/v2\/pages\/111","targetHints":{"allow":["GET"]}}],"collection":[{"href":"http:\/\/yelmos.com.ar\/design\/wp-json\/wp\/v2\/pages"}],"about":[{"href":"http:\/\/yelmos.com.ar\/design\/wp-json\/wp\/v2\/types\/page"}],"author":[{"embeddable":true,"href":"http:\/\/yelmos.com.ar\/design\/wp-json\/wp\/v2\/users\/4"}],"replies":[{"embeddable":true,"href":"http:\/\/yelmos.com.ar\/design\/wp-json\/wp\/v2\/comments?post=111"}],"version-history":[{"count":39,"href":"http:\/\/yelmos.com.ar\/design\/wp-json\/wp\/v2\/pages\/111\/revisions"}],"predecessor-version":[{"id":2194,"href":"http:\/\/yelmos.com.ar\/design\/wp-json\/wp\/v2\/pages\/111\/revisions\/2194"}],"wp:attachment":[{"href":"http:\/\/yelmos.com.ar\/design\/wp-json\/wp\/v2\/media?parent=111"}],"curies":[{"name":"wp","href":"https:\/\/api.w.org\/{rel}","templated":true}]}}